{"id":203,"date":"2020-05-27T16:20:03","date_gmt":"2020-05-27T16:20:03","guid":{"rendered":"https:\/\/eige.info\/asociate\/"},"modified":"2023-04-04T07:41:36","modified_gmt":"2023-04-04T07:41:36","slug":"asociate","status":"publish","type":"page","link":"https:\/\/eige.info\/es\/asociate\/","title":{"rendered":"Asociate"},"content":{"rendered":"<p>[et_pb_section fb_built=&#8221;1&#8243; _builder_version=&#8221;4.16&#8243; min_height=&#8221;304px&#8221; global_colors_info=&#8221;{}&#8221;][et_pb_row custom_padding_last_edited=&#8221;on|phone&#8221; _builder_version=&#8221;4.16&#8243; custom_padding_tablet=&#8221;||0px||false|false&#8221; custom_padding_phone=&#8221;&#8221; global_colors_info=&#8221;{}&#8221; locked=&#8221;off&#8221;][et_pb_column type=&#8221;4_4&#8243; _builder_version=&#8221;4.16&#8243; global_colors_info=&#8221;{}&#8221;][et_pb_text _builder_version=&#8221;4.20.4&#8243; header_font=&#8221;|700|||||||&#8221; header_font_size=&#8221;60px&#8221; custom_margin=&#8221;||1px|||&#8221; hover_enabled=&#8221;0&#8243; header_font_size_tablet=&#8221;50px&#8221; header_font_size_phone=&#8221;44px&#8221; header_font_size_last_edited=&#8221;on|phone&#8221; global_colors_info=&#8221;{}&#8221; sticky_enabled=&#8221;0&#8243;]<\/p>\n<h1 style=\"text-align: center;\">ASOCIATE A <strong>EIGE<\/strong><\/h1>\n<p>[\/et_pb_text][et_pb_divider color=&#8221;#2e5139&#8243; divider_weight=&#8221;5px&#8221; _builder_version=&#8221;4.16&#8243; width=&#8221;25%&#8221; module_alignment=&#8221;center&#8221; custom_padding=&#8221;||0px|||&#8221; global_colors_info=&#8221;{}&#8221;][\/et_pb_divider][\/et_pb_column][\/et_pb_row][et_pb_row column_structure=&#8221;1_2,1_2&#8243; _builder_version=&#8221;4.16&#8243; min_height=&#8221;416px&#8221; global_colors_info=&#8221;{}&#8221;][et_pb_column type=&#8221;1_2&#8243; _builder_version=&#8221;4.16&#8243; global_colors_info=&#8221;{}&#8221;][et_pb_image src=&#8221;https:\/\/eige.info\/wp-content\/uploads\/2020\/05\/Mapa.png&#8221; title_text=&#8221;Mapa&#8221; align=&#8221;right&#8221; _builder_version=&#8221;4.20.4&#8243; custom_margin=&#8221;|58px|||false|false&#8221; animation_style=&#8221;zoom&#8221; animation_delay=&#8221;200ms&#8221; global_colors_info=&#8221;{}&#8221;][\/et_pb_image][\/et_pb_column][et_pb_column type=&#8221;1_2&#8243; _builder_version=&#8221;4.16&#8243; global_colors_info=&#8221;{}&#8221;][et_pb_text _builder_version=&#8221;4.16&#8243; global_colors_info=&#8221;{}&#8221;]<\/p>\n<p style=\"text-align: justify;\">Toda persona residente en Euskal Herria cuya actividad profesional principal sea la captaci\u00f3n de im\u00e1genes con una c\u00e1mara fotogr\u00e1fica o de v\u00eddeo con la intenci\u00f3n de publicarlas en un soporte f\u00edsico o digital, en cualquier medio gr\u00e1fico o audiovisual que sea publicado o difundido con frecuencia.<\/p>\n<h1 style=\"text-align: justify;\"><\/h1>\n<h1 style=\"text-align: justify;\">DOCUMENTACI\u00d3N NECESARIA<\/h1>\n<ul>\n<li style=\"text-align: justify;\">Fotograf\u00eda de la persona solicitante (tipo carn\u00e9)<\/li>\n<li style=\"text-align: justify;\">Copia del documento de identidad.<\/li>\n<li style=\"text-align: justify;\">Documentos acreditativos de la actividad profesional. <em>(Copia de la cabecera de la \u00faltima n\u00f3mina, en el caso de trabajadores por cuenta ajena y\/o certificado de haber abonado la cuota de aut\u00f3nomos y certificado de haber abonado el IAE relativo a la actividad de un foto o operador de c\u00e1mara).<\/em><\/li>\n<li style=\"text-align: justify;\"><em>N\u00famero IBAN de la cuenta corriente<\/em><\/li>\n<\/ul>\n<p><strong>Env\u00eda un correo electr\u00f3nico con toda la informaci\u00f3n solicitada anteriormente a <a href=\"mailto:info@eige.info\">info@eige.info<\/a> indicando que deseas ser miembro.<\/strong><em><br \/> <\/em><\/p>\n<p style=\"text-align: justify;\">\n<p>[\/et_pb_text][\/et_pb_column][\/et_pb_row][\/et_pb_section]<\/p>\n","protected":false},"excerpt":{"rendered":"<p>ASOCIATE A EIGEToda persona residente en Euskal Herria cuya actividad profesional principal sea la captaci\u00f3n de im\u00e1genes con una c\u00e1mara fotogr\u00e1fica o de v\u00eddeo con la intenci\u00f3n de publicarlas en un soporte f\u00edsico o digital, en cualquier medio gr\u00e1fico o audiovisual que sea publicado o difundido con frecuencia. DOCUMENTACI\u00d3N NECESARIA Fotograf\u00eda de la persona solicitante [&hellip;]<\/p>\n","protected":false},"author":2,"featured_media":0,"parent":0,"menu_order":0,"comment_status":"closed","ping_status":"closed","template":"","meta":{"_et_pb_use_builder":"on","_et_pb_old_content":"","_et_gb_content_width":""},"yoast_head":"<!-- This site is optimized with the Yoast SEO plugin v20.4 - https:\/\/yoast.com\/wordpress\/plugins\/seo\/ -->\n<title>Asociate - Euskal Herriko Informatzaile Grafikoen Elkartea<\/title>\n<meta name=\"robots\" content=\"index, follow, max-snippet:-1, max-image-preview:large, max-video-preview:-1\" \/>\n<link rel=\"canonical\" href=\"https:\/\/eige.info\/es\/asociate\/\" \/>\n<meta property=\"og:locale\" content=\"es_ES\" \/>\n<meta property=\"og:type\" content=\"article\" \/>\n<meta property=\"og:title\" content=\"Asociate - Euskal Herriko Informatzaile Grafikoen Elkartea\" \/>\n<meta property=\"og:description\" content=\"ASOCIATE A EIGEToda persona residente en Euskal Herria cuya actividad profesional principal sea la captaci\u00f3n de im\u00e1genes con una c\u00e1mara fotogr\u00e1fica o de v\u00eddeo con la intenci\u00f3n de publicarlas en un soporte f\u00edsico o digital, en cualquier medio gr\u00e1fico o audiovisual que sea publicado o difundido con frecuencia. DOCUMENTACI\u00d3N NECESARIA Fotograf\u00eda de la persona solicitante [&hellip;]\" \/>\n<meta property=\"og:url\" content=\"https:\/\/eige.info\/es\/asociate\/\" \/>\n<meta property=\"og:site_name\" content=\"Euskal Herriko Informatzaile Grafikoen Elkartea\" \/>\n<meta property=\"article:modified_time\" content=\"2023-04-04T07:41:36+00:00\" \/>\n<meta name=\"twitter:card\" content=\"summary_large_image\" \/>\n<meta name=\"twitter:label1\" content=\"Tiempo de lectura\" \/>\n\t<meta name=\"twitter:data1\" content=\"2 minutos\" \/>\n<script type=\"application\/ld+json\" class=\"yoast-schema-graph\">{\"@context\":\"https:\/\/schema.org\",\"@graph\":[{\"@type\":\"WebPage\",\"@id\":\"https:\/\/eige.info\/es\/asociate\/\",\"url\":\"https:\/\/eige.info\/es\/asociate\/\",\"name\":\"Asociate - Euskal Herriko Informatzaile Grafikoen Elkartea\",\"isPartOf\":{\"@id\":\"https:\/\/eige.info\/es\/#website\"},\"datePublished\":\"2020-05-27T16:20:03+00:00\",\"dateModified\":\"2023-04-04T07:41:36+00:00\",\"breadcrumb\":{\"@id\":\"https:\/\/eige.info\/es\/asociate\/#breadcrumb\"},\"inLanguage\":\"es\",\"potentialAction\":[{\"@type\":\"ReadAction\",\"target\":[\"https:\/\/eige.info\/es\/asociate\/\"]}]},{\"@type\":\"BreadcrumbList\",\"@id\":\"https:\/\/eige.info\/es\/asociate\/#breadcrumb\",\"itemListElement\":[{\"@type\":\"ListItem\",\"position\":1,\"name\":\"Home\",\"item\":\"https:\/\/eige.info\/es\/inicio\/\"},{\"@type\":\"ListItem\",\"position\":2,\"name\":\"Asociate\"}]},{\"@type\":\"WebSite\",\"@id\":\"https:\/\/eige.info\/es\/#website\",\"url\":\"https:\/\/eige.info\/es\/\",\"name\":\"Euskal Herriko Informatzaile Grafikoen Elkartea\",\"description\":\"\",\"potentialAction\":[{\"@type\":\"SearchAction\",\"target\":{\"@type\":\"EntryPoint\",\"urlTemplate\":\"https:\/\/eige.info\/es\/?s={search_term_string}\"},\"query-input\":\"required name=search_term_string\"}],\"inLanguage\":\"es\"}]}<\/script>\n<!-- \/ Yoast SEO plugin. -->","yoast_head_json":{"title":"Asociate - Euskal Herriko Informatzaile Grafikoen Elkartea","robots":{"index":"index","follow":"follow","max-snippet":"max-snippet:-1","max-image-preview":"max-image-preview:large","max-video-preview":"max-video-preview:-1"},"canonical":"https:\/\/eige.info\/es\/asociate\/","og_locale":"es_ES","og_type":"article","og_title":"Asociate - Euskal Herriko Informatzaile Grafikoen Elkartea","og_description":"ASOCIATE A EIGEToda persona residente en Euskal Herria cuya actividad profesional principal sea la captaci\u00f3n de im\u00e1genes con una c\u00e1mara fotogr\u00e1fica o de v\u00eddeo con la intenci\u00f3n de publicarlas en un soporte f\u00edsico o digital, en cualquier medio gr\u00e1fico o audiovisual que sea publicado o difundido con frecuencia. DOCUMENTACI\u00d3N NECESARIA Fotograf\u00eda de la persona solicitante [&hellip;]","og_url":"https:\/\/eige.info\/es\/asociate\/","og_site_name":"Euskal Herriko Informatzaile Grafikoen Elkartea","article_modified_time":"2023-04-04T07:41:36+00:00","twitter_card":"summary_large_image","twitter_misc":{"Tiempo de lectura":"2 minutos"},"schema":{"@context":"https:\/\/schema.org","@graph":[{"@type":"WebPage","@id":"https:\/\/eige.info\/es\/asociate\/","url":"https:\/\/eige.info\/es\/asociate\/","name":"Asociate - Euskal Herriko Informatzaile Grafikoen Elkartea","isPartOf":{"@id":"https:\/\/eige.info\/es\/#website"},"datePublished":"2020-05-27T16:20:03+00:00","dateModified":"2023-04-04T07:41:36+00:00","breadcrumb":{"@id":"https:\/\/eige.info\/es\/asociate\/#breadcrumb"},"inLanguage":"es","potentialAction":[{"@type":"ReadAction","target":["https:\/\/eige.info\/es\/asociate\/"]}]},{"@type":"BreadcrumbList","@id":"https:\/\/eige.info\/es\/asociate\/#breadcrumb","itemListElement":[{"@type":"ListItem","position":1,"name":"Home","item":"https:\/\/eige.info\/es\/inicio\/"},{"@type":"ListItem","position":2,"name":"Asociate"}]},{"@type":"WebSite","@id":"https:\/\/eige.info\/es\/#website","url":"https:\/\/eige.info\/es\/","name":"Euskal Herriko Informatzaile Grafikoen Elkartea","description":"","potentialAction":[{"@type":"SearchAction","target":{"@type":"EntryPoint","urlTemplate":"https:\/\/eige.info\/es\/?s={search_term_string}"},"query-input":"required name=search_term_string"}],"inLanguage":"es"}]}},"_links":{"self":[{"href":"https:\/\/eige.info\/es\/wp-json\/wp\/v2\/pages\/203"}],"collection":[{"href":"https:\/\/eige.info\/es\/wp-json\/wp\/v2\/pages"}],"about":[{"href":"https:\/\/eige.info\/es\/wp-json\/wp\/v2\/types\/page"}],"author":[{"embeddable":true,"href":"https:\/\/eige.info\/es\/wp-json\/wp\/v2\/users\/2"}],"replies":[{"embeddable":true,"href":"https:\/\/eige.info\/es\/wp-json\/wp\/v2\/comments?post=203"}],"version-history":[{"count":31,"href":"https:\/\/eige.info\/es\/wp-json\/wp\/v2\/pages\/203\/revisions"}],"predecessor-version":[{"id":973,"href":"https:\/\/eige.info\/es\/wp-json\/wp\/v2\/pages\/203\/revisions\/973"}],"wp:attachment":[{"href":"https:\/\/eige.info\/es\/wp-json\/wp\/v2\/media?parent=203"}],"curies":[{"name":"wp","href":"https:\/\/api.w.org\/{rel}","templated":true}]}}